{"id":682,"date":"2021-09-08T07:39:53","date_gmt":"2021-09-08T07:39:53","guid":{"rendered":"https:\/\/www.loonbedrijfvaessen.nl\/?page_id=682"},"modified":"2022-02-28T10:59:15","modified_gmt":"2022-02-28T10:59:15","slug":"over-ons","status":"publish","type":"page","link":"https:\/\/www.loonbedrijfvaessen.nl\/de\/over-ons\/","title":{"rendered":"\u00dcber uns"},"content":{"rendered":"<div data-elementor-type=\"wp-page\" data-elementor-id=\"682\" class=\"elementor elementor-682\" data-elementor-post-type=\"page\">\n\t\t\t\t\t\t<section data-dce-background-overlay-color=\"#000000\" data-dce-background-image-url=\"https:\/\/www.loonbedrijfvaessen.nl\/wp-content\/uploads\/2021\/08\/Foto-3-1.jpg\" class=\"elementor-section elementor-top-section elementor-element elementor-element-1b0f305 elementor-section-content-middle elementor-section-boxed elementor-section-height-default elementor-section-height-default\" data-id=\"1b0f305\" data-element_type=\"section\" data-settings=\"{&quot;background_background&quot;:&quot;classic&quot;}\">\n\t\t\t\t\t\t\t<div class=\"elementor-background-overlay\"><\/div>\n\t\t\t\t\t\t\t<div class=\"elementor-container elementor-column-gap-no\">\n\t\t\t\t\t<div class=\"elementor-column elementor-col-100 elementor-top-column elementor-element elementor-element-0e67394\" data-id=\"0e67394\" data-element_type=\"column\">\n\t\t\t<div class=\"elementor-widget-wrap elementor-element-populated\">\n\t\t\t\t\t\t<div class=\"elementor-element elementor-element-6a29cef elementor-widget elementor-widget-heading\" data-id=\"6a29cef\" data-element_type=\"widget\" data-widget_type=\"heading.default\">\n\t\t\t\t<div class=\"elementor-widget-container\">\n\t\t\t\t\t<h2 class=\"elementor-heading-title elementor-size-default\">\u00dcber uns<\/h2>\t\t\t\t<\/div>\n\t\t\t\t<\/div>\n\t\t\t\t\t<\/div>\n\t\t<\/div>\n\t\t\t\t\t<\/div>\n\t\t<\/section>\n\t\t\t\t<section class=\"elementor-section elementor-top-section elementor-element elementor-element-079f289 elementor-section-boxed elementor-section-height-default elementor-section-height-default\" data-id=\"079f289\" data-element_type=\"section\">\n\t\t\t\t\t\t<div class=\"elementor-container elementor-column-gap-default\">\n\t\t\t\t\t<div class=\"elementor-column elementor-col-50 elementor-top-column elementor-element elementor-element-1325013\" data-id=\"1325013\" data-element_type=\"column\">\n\t\t\t<div class=\"elementor-widget-wrap elementor-element-populated\">\n\t\t\t\t\t\t<div class=\"elementor-element elementor-element-ca1523b elementor-widget elementor-widget-heading\" data-id=\"ca1523b\" data-element_type=\"widget\" data-widget_type=\"heading.default\">\n\t\t\t\t<div class=\"elementor-widget-container\">\n\t\t\t\t\t<h2 class=\"elementor-heading-title elementor-size-default\">Lohnunternehmen Vaessen<\/h2>\t\t\t\t<\/div>\n\t\t\t\t<\/div>\n\t\t\t\t<div class=\"elementor-element elementor-element-2e3fcb0 elementor-widget elementor-widget-heading\" data-id=\"2e3fcb0\" data-element_type=\"widget\" data-widget_type=\"heading.default\">\n\t\t\t\t<div class=\"elementor-widget-container\">\n\t\t\t\t\t<h2 class=\"elementor-heading-title elementor-size-default\">Historie<\/h2>\t\t\t\t<\/div>\n\t\t\t\t<\/div>\n\t\t\t\t<div class=\"elementor-element elementor-element-b9d5d4c elementor-widget elementor-widget-text-editor\" data-id=\"b9d5d4c\" data-element_type=\"widget\" data-widget_type=\"text-editor.default\">\n\t\t\t\t<div class=\"elementor-widget-container\">\n\t\t\t\t\t\t\t\t\t<p class=\"translation-block\">Wir sind ein Lohnunternehmen in dritter Generation.  Gro\u00dfvater Sjir hat mit dem Lohnunternehmen angefangen in 1948, mit einer Dreschmachine.\n1960 war der erste M\u00e4hdrescher ein Fakt, in 1979 der erste sechs-Reihige R\u00fcbenroder.\nSohn Ton ist 1977 im Betrieb mit eingestiegen, und Sohn Frans ab 1980.  Die Arbeiten haben sich in dieser Zeit ausgebreitet.  Kartoffel pflanzen und ernten ist einer der Fachgebiete die durchgef\u00fchrt wurden.<\/p>\t\t\t\t\t\t\t\t<\/div>\n\t\t\t\t<\/div>\n\t\t\t\t<div class=\"elementor-element elementor-element-fa0b74b elementor-align-left elementor-mobile-align-center elementor-widget elementor-widget-button\" data-id=\"fa0b74b\" data-element_type=\"widget\" data-widget_type=\"button.default\">\n\t\t\t\t<div class=\"elementor-widget-container\">\n\t\t\t\t\t\t\t\t\t<div class=\"elementor-button-wrapper\">\n\t\t\t\t\t<a class=\"elementor-button elementor-button-link elementor-size-sm\" href=\"\/de\/werkzaamheden\/\">\n\t\t\t\t\t\t<span class=\"elementor-button-content-wrapper\">\n\t\t\t\t\t\t<span class=\"elementor-button-icon\">\n\t\t\t\t<i aria-hidden=\"true\" class=\"fas fa-long-arrow-alt-right\"><\/i>\t\t\t<\/span>\n\t\t\t\t\t\t\t\t\t<span class=\"elementor-button-text\">Was wir tun<\/span>\n\t\t\t\t\t<\/span>\n\t\t\t\t\t<\/a>\n\t\t\t\t<\/div>\n\t\t\t\t\t\t\t\t<\/div>\n\t\t\t\t<\/div>\n\t\t\t\t\t<\/div>\n\t\t<\/div>\n\t\t\t\t<div class=\"elementor-column elementor-col-50 elementor-top-column elementor-element elementor-element-7b8ba14\" data-id=\"7b8ba14\" data-element_type=\"column\">\n\t\t\t<div class=\"elementor-widget-wrap elementor-element-populated\">\n\t\t\t\t\t\t<section class=\"elementor-section elementor-inner-section elementor-element elementor-element-be49b19 elementor-section-boxed elementor-section-height-default elementor-section-height-default\" data-id=\"be49b19\" data-element_type=\"section\">\n\t\t\t\t\t\t<div class=\"elementor-container elementor-column-gap-default\">\n\t\t\t\t\t<div class=\"elementor-column elementor-col-50 elementor-inner-column elementor-element elementor-element-6f5b981\" data-id=\"6f5b981\" data-element_type=\"column\">\n\t\t\t<div class=\"elementor-widget-wrap elementor-element-populated\">\n\t\t\t\t\t\t<div class=\"elementor-element elementor-element-c2ae9c2 dce_masking-none elementor-widget elementor-widget-image\" data-id=\"c2ae9c2\" data-element_type=\"widget\" data-widget_type=\"image.default\">\n\t\t\t\t<div class=\"elementor-widget-container\">\n\t\t\t\t\t\t\t\t\t\t\t\t\t\t\t<img fetchpriority=\"high\" decoding=\"async\" width=\"1024\" height=\"724\" src=\"https:\/\/www.loonbedrijfvaessen.nl\/wp-content\/uploads\/2022\/02\/Vaessen2-1024x724.jpg\" class=\"attachment-large size-large wp-image-1442\" alt=\"\" srcset=\"https:\/\/www.loonbedrijfvaessen.nl\/wp-content\/uploads\/2022\/02\/Vaessen2-1024x724.jpg 1024w, https:\/\/www.loonbedrijfvaessen.nl\/wp-content\/uploads\/2022\/02\/Vaessen2-300x212.jpg 300w, https:\/\/www.loonbedrijfvaessen.nl\/wp-content\/uploads\/2022\/02\/Vaessen2-768x543.jpg 768w, https:\/\/www.loonbedrijfvaessen.nl\/wp-content\/uploads\/2022\/02\/Vaessen2-1536x1087.jpg 1536w, https:\/\/www.loonbedrijfvaessen.nl\/wp-content\/uploads\/2022\/02\/Vaessen2-2048x1449.jpg 2048w, https:\/\/www.loonbedrijfvaessen.nl\/wp-content\/uploads\/2022\/02\/Vaessen2-18x12.jpg 18w\" sizes=\"(max-width: 1024px) 100vw, 1024px\" \/>\t\t\t\t\t\t\t\t\t\t\t\t\t\t\t<\/div>\n\t\t\t\t<\/div>\n\t\t\t\t\t<\/div>\n\t\t<\/div>\n\t\t\t\t<div class=\"elementor-column elementor-col-50 elementor-inner-column elementor-element elementor-element-29cd530\" data-id=\"29cd530\" data-element_type=\"column\">\n\t\t\t<div class=\"elementor-widget-wrap elementor-element-populated\">\n\t\t\t\t\t\t<div class=\"elementor-element elementor-element-659aa91 dce_masking-none elementor-widget elementor-widget-image\" data-id=\"659aa91\" data-element_type=\"widget\" data-widget_type=\"image.default\">\n\t\t\t\t<div class=\"elementor-widget-container\">\n\t\t\t\t\t\t\t\t\t\t\t\t\t\t\t<img decoding=\"async\" width=\"768\" height=\"1024\" src=\"https:\/\/www.loonbedrijfvaessen.nl\/wp-content\/uploads\/2022\/02\/Vaessen.jpg\" class=\"attachment-large size-large wp-image-1449\" alt=\"\" srcset=\"https:\/\/www.loonbedrijfvaessen.nl\/wp-content\/uploads\/2022\/02\/Vaessen.jpg 768w, https:\/\/www.loonbedrijfvaessen.nl\/wp-content\/uploads\/2022\/02\/Vaessen-225x300.jpg 225w, https:\/\/www.loonbedrijfvaessen.nl\/wp-content\/uploads\/2022\/02\/Vaessen-9x12.jpg 9w\" sizes=\"(max-width: 768px) 100vw, 768px\" \/>\t\t\t\t\t\t\t\t\t\t\t\t\t\t\t<\/div>\n\t\t\t\t<\/div>\n\t\t\t\t\t<\/div>\n\t\t<\/div>\n\t\t\t\t\t<\/div>\n\t\t<\/section>\n\t\t\t\t\t<\/div>\n\t\t<\/div>\n\t\t\t\t\t<\/div>\n\t\t<\/section>\n\t\t\t\t<section data-dce-background-color=\"#FBB45624\" class=\"elementor-section elementor-top-section elementor-element elementor-element-929f7f8 elementor-section-boxed elementor-section-height-default elementor-section-height-default\" data-id=\"929f7f8\" data-element_type=\"section\" data-settings=\"{&quot;background_background&quot;:&quot;classic&quot;}\">\n\t\t\t\t\t\t\t<div class=\"elementor-background-overlay\"><\/div>\n\t\t\t\t\t\t\t<div class=\"elementor-container elementor-column-gap-no\">\n\t\t\t\t\t<div class=\"elementor-column elementor-col-50 elementor-top-column elementor-element elementor-element-1410ac2\" data-id=\"1410ac2\" data-element_type=\"column\">\n\t\t\t<div class=\"elementor-widget-wrap elementor-element-populated\">\n\t\t\t\t\t\t<div class=\"elementor-element elementor-element-b0732b5 dce_masking-none elementor-widget elementor-widget-image\" data-id=\"b0732b5\" data-element_type=\"widget\" data-widget_type=\"image.default\">\n\t\t\t\t<div class=\"elementor-widget-container\">\n\t\t\t\t\t\t\t\t\t\t\t\t\t\t\t<img decoding=\"async\" width=\"1024\" height=\"768\" src=\"https:\/\/www.loonbedrijfvaessen.nl\/wp-content\/uploads\/2021\/08\/Foto-4-1024x768.jpg\" class=\"attachment-large size-large wp-image-183\" alt=\"\" srcset=\"https:\/\/www.loonbedrijfvaessen.nl\/wp-content\/uploads\/2021\/08\/Foto-4-1024x768.jpg 1024w, https:\/\/www.loonbedrijfvaessen.nl\/wp-content\/uploads\/2021\/08\/Foto-4-300x225.jpg 300w, https:\/\/www.loonbedrijfvaessen.nl\/wp-content\/uploads\/2021\/08\/Foto-4-768x576.jpg 768w, https:\/\/www.loonbedrijfvaessen.nl\/wp-content\/uploads\/2021\/08\/Foto-4-1536x1152.jpg 1536w, https:\/\/www.loonbedrijfvaessen.nl\/wp-content\/uploads\/2021\/08\/Foto-4.jpg 1600w\" sizes=\"(max-width: 1024px) 100vw, 1024px\" \/>\t\t\t\t\t\t\t\t\t\t\t\t\t\t\t<\/div>\n\t\t\t\t<\/div>\n\t\t\t\t\t<\/div>\n\t\t<\/div>\n\t\t\t\t<div class=\"elementor-column elementor-col-50 elementor-top-column elementor-element elementor-element-0eda86f\" data-id=\"0eda86f\" data-element_type=\"column\">\n\t\t\t<div class=\"elementor-widget-wrap elementor-element-populated\">\n\t\t\t\t\t\t<div class=\"elementor-element elementor-element-da8f1ca elementor-widget elementor-widget-text-editor\" data-id=\"da8f1ca\" data-element_type=\"widget\" data-widget_type=\"text-editor.default\">\n\t\t\t\t<div class=\"elementor-widget-container\">\n\t\t\t\t\t\t\t\t\t<div id=\"inhoud\"><p class=\"translation-block\">Seit den 01.  Januar 2013 gehts weiter in dritter Generation, Gert Vaessen ist dann offiziell mit im Betrieb.  Wir haben uns, unter anderm, auch zugelegt auf Chicor\u00e9e pflanzen und Chicor\u00e9e ernten, Zwiebel laden,  Getreide Ernte mit einem Raupen M\u00e4hdrescher und einen dritten Radlader. \nWasser spielt eine wichtige Rolle in unserem Betrieb.  Regenwasser wird in unsere Wasser Becken gespeichert und benutzt um B\u00e4ume zu bew\u00e4ssern, f\u00fcr Spr\u00fcharbeiten, und die Maschinen sauber zu halten.\nIn 2000 sind wir auf dem heutigen Standort ausgesiedelt.\nUnser team besteht aus  fachm\u00e4nnische  Maschinisten dehnen die Landwirtschaft am Herzen liegt, und die notwendig Flexibilit\u00e4t hat um zeitig zu pflanzen und zu ernten.  Die Wetterbedingungen in der Saison variieren jedes Jahr.  Unser gemeinsames Ziel ist dass die Ernte gut eingebracht wird.<\/p><\/div>\t\t\t\t\t\t\t\t<\/div>\n\t\t\t\t<\/div>\n\t\t\t\t\t<\/div>\n\t\t<\/div>\n\t\t\t\t\t<\/div>\n\t\t<\/section>\n\t\t\t\t<section data-dce-background-color=\"#FFFFFF\" class=\"elementor-section elementor-top-section elementor-element elementor-element-f216018 elementor-hidden-mobile elementor-section-boxed elementor-section-height-default elementor-section-height-default\" data-id=\"f216018\" data-element_type=\"section\" data-settings=\"{&quot;background_background&quot;:&quot;classic&quot;}\">\n\t\t\t\t\t\t\t<div class=\"elementor-background-overlay\"><\/div>\n\t\t\t\t\t\t\t<div class=\"elementor-container elementor-column-gap-no\">\n\t\t\t\t\t<div class=\"elementor-column elementor-col-100 elementor-top-column elementor-element elementor-element-b59e89d\" data-id=\"b59e89d\" data-element_type=\"column\">\n\t\t\t<div class=\"elementor-widget-wrap elementor-element-populated\">\n\t\t\t\t\t\t<section class=\"elementor-section elementor-inner-section elementor-element elementor-element-fefb137 elementor-section-boxed elementor-section-height-default elementor-section-height-default\" data-id=\"fefb137\" data-element_type=\"section\">\n\t\t\t\t\t\t<div class=\"elementor-container elementor-column-gap-default\">\n\t\t\t\t\t<div data-dce-background-color=\"#FFFFFF\" class=\"elementor-column elementor-col-25 elementor-inner-column elementor-element elementor-element-99a2e3a\" data-id=\"99a2e3a\" data-element_type=\"column\" data-settings=\"{&quot;background_background&quot;:&quot;classic&quot;}\">\n\t\t\t<div class=\"elementor-widget-wrap elementor-element-populated\">\n\t\t\t\t\t\t<div class=\"elementor-element elementor-element-adf634a dce_masking-none elementor-widget elementor-widget-image\" data-id=\"adf634a\" data-element_type=\"widget\" data-widget_type=\"image.default\">\n\t\t\t\t<div class=\"elementor-widget-container\">\n\t\t\t\t\t\t\t\t\t\t\t\t\t\t\t\t<a href=\"https:\/\/www.niwo.nl\/\" target=\"_blank\">\n\t\t\t\t\t\t\t<img loading=\"lazy\" decoding=\"async\" width=\"400\" height=\"164\" src=\"https:\/\/www.loonbedrijfvaessen.nl\/wp-content\/uploads\/2021\/09\/logo-niwo.jpg\" class=\"elementor-animation-grow attachment-large size-large wp-image-781\" alt=\"\" srcset=\"https:\/\/www.loonbedrijfvaessen.nl\/wp-content\/uploads\/2021\/09\/logo-niwo.jpg 400w, https:\/\/www.loonbedrijfvaessen.nl\/wp-content\/uploads\/2021\/09\/logo-niwo-300x123.jpg 300w, https:\/\/www.loonbedrijfvaessen.nl\/wp-content\/uploads\/2021\/09\/logo-niwo-18x7.jpg 18w\" sizes=\"(max-width: 400px) 100vw, 400px\" \/>\t\t\t\t\t\t\t\t<\/a>\n\t\t\t\t\t\t\t\t\t\t\t\t\t\t\t<\/div>\n\t\t\t\t<\/div>\n\t\t\t\t\t<\/div>\n\t\t<\/div>\n\t\t\t\t<div data-dce-background-color=\"#FFFFFF\" class=\"elementor-column elementor-col-25 elementor-inner-column elementor-element elementor-element-dc6799a\" data-id=\"dc6799a\" data-element_type=\"column\" data-settings=\"{&quot;background_background&quot;:&quot;classic&quot;}\">\n\t\t\t<div class=\"elementor-widget-wrap elementor-element-populated\">\n\t\t\t\t\t\t<div class=\"elementor-element elementor-element-dea2aba dce_masking-none elementor-widget elementor-widget-image\" data-id=\"dea2aba\" data-element_type=\"widget\" data-widget_type=\"image.default\">\n\t\t\t\t<div class=\"elementor-widget-container\">\n\t\t\t\t\t\t\t\t\t\t\t\t\t\t\t\t<a href=\"https:\/\/www.vkl.nl\/\" target=\"_blank\">\n\t\t\t\t\t\t\t<img loading=\"lazy\" decoding=\"async\" width=\"201\" height=\"112\" src=\"https:\/\/www.loonbedrijfvaessen.nl\/wp-content\/uploads\/2021\/09\/logo-vkl.png\" class=\"elementor-animation-grow attachment-large size-large wp-image-782\" alt=\"\" srcset=\"https:\/\/www.loonbedrijfvaessen.nl\/wp-content\/uploads\/2021\/09\/logo-vkl.png 201w, https:\/\/www.loonbedrijfvaessen.nl\/wp-content\/uploads\/2021\/09\/logo-vkl-18x10.png 18w\" sizes=\"(max-width: 201px) 100vw, 201px\" \/>\t\t\t\t\t\t\t\t<\/a>\n\t\t\t\t\t\t\t\t\t\t\t\t\t\t\t<\/div>\n\t\t\t\t<\/div>\n\t\t\t\t\t<\/div>\n\t\t<\/div>\n\t\t\t\t<div data-dce-background-color=\"#FFFFFF\" class=\"elementor-column elementor-col-25 elementor-inner-column elementor-element elementor-element-3a36c6a\" data-id=\"3a36c6a\" data-element_type=\"column\" data-settings=\"{&quot;background_background&quot;:&quot;classic&quot;}\">\n\t\t\t<div class=\"elementor-widget-wrap elementor-element-populated\">\n\t\t\t\t\t\t<div class=\"elementor-element elementor-element-9cdf314 dce_masking-none elementor-widget elementor-widget-image\" data-id=\"9cdf314\" data-element_type=\"widget\" data-widget_type=\"image.default\">\n\t\t\t\t<div class=\"elementor-widget-container\">\n\t\t\t\t\t\t\t\t\t\t\t\t\t\t\t\t<a href=\"https:\/\/www.cumela.nl\/\" target=\"_blank\">\n\t\t\t\t\t\t\t<img loading=\"lazy\" decoding=\"async\" width=\"1018\" height=\"221\" src=\"https:\/\/www.loonbedrijfvaessen.nl\/wp-content\/uploads\/2021\/09\/Cumela-logo-zonder-slogan.png\" class=\"elementor-animation-grow attachment-large size-large wp-image-780\" alt=\"\" srcset=\"https:\/\/www.loonbedrijfvaessen.nl\/wp-content\/uploads\/2021\/09\/Cumela-logo-zonder-slogan.png 1018w, https:\/\/www.loonbedrijfvaessen.nl\/wp-content\/uploads\/2021\/09\/Cumela-logo-zonder-slogan-300x65.png 300w, https:\/\/www.loonbedrijfvaessen.nl\/wp-content\/uploads\/2021\/09\/Cumela-logo-zonder-slogan-768x167.png 768w, https:\/\/www.loonbedrijfvaessen.nl\/wp-content\/uploads\/2021\/09\/Cumela-logo-zonder-slogan-18x4.png 18w\" sizes=\"(max-width: 1018px) 100vw, 1018px\" \/>\t\t\t\t\t\t\t\t<\/a>\n\t\t\t\t\t\t\t\t\t\t\t\t\t\t\t<\/div>\n\t\t\t\t<\/div>\n\t\t\t\t\t<\/div>\n\t\t<\/div>\n\t\t\t\t<div data-dce-background-color=\"#FFFFFF\" class=\"elementor-column elementor-col-25 elementor-inner-column elementor-element elementor-element-7b21953\" data-id=\"7b21953\" data-element_type=\"column\" data-settings=\"{&quot;background_background&quot;:&quot;classic&quot;}\">\n\t\t\t<div class=\"elementor-widget-wrap elementor-element-populated\">\n\t\t\t\t\t\t<div class=\"elementor-element elementor-element-30cb3f7 dce_masking-none elementor-widget elementor-widget-image\" data-id=\"30cb3f7\" data-element_type=\"widget\" data-widget_type=\"image.default\">\n\t\t\t\t<div class=\"elementor-widget-container\">\n\t\t\t\t\t\t\t\t\t\t\t\t\t\t\t\t<a href=\"https:\/\/www.cumela.nl\/\" target=\"_blank\">\n\t\t\t\t\t\t\t<img loading=\"lazy\" decoding=\"async\" width=\"600\" height=\"600\" src=\"https:\/\/www.loonbedrijfvaessen.nl\/wp-content\/uploads\/2021\/10\/sbb-beeldmerk.png\" class=\"elementor-animation-grow attachment-large size-large wp-image-1169\" alt=\"\" srcset=\"https:\/\/www.loonbedrijfvaessen.nl\/wp-content\/uploads\/2021\/10\/sbb-beeldmerk.png 600w, https:\/\/www.loonbedrijfvaessen.nl\/wp-content\/uploads\/2021\/10\/sbb-beeldmerk-300x300.png 300w, https:\/\/www.loonbedrijfvaessen.nl\/wp-content\/uploads\/2021\/10\/sbb-beeldmerk-150x150.png 150w, https:\/\/www.loonbedrijfvaessen.nl\/wp-content\/uploads\/2021\/10\/sbb-beeldmerk-12x12.png 12w\" sizes=\"(max-width: 600px) 100vw, 600px\" \/>\t\t\t\t\t\t\t\t<\/a>\n\t\t\t\t\t\t\t\t\t\t\t\t\t\t\t<\/div>\n\t\t\t\t<\/div>\n\t\t\t\t\t<\/div>\n\t\t<\/div>\n\t\t\t\t\t<\/div>\n\t\t<\/section>\n\t\t\t\t\t<\/div>\n\t\t<\/div>\n\t\t\t\t\t<\/div>\n\t\t<\/section>\n\t\t\t\t<section data-dce-background-color=\"#00AA4D\" data-dce-background-image-url=\"https:\/\/www.loonbedrijfvaessen.nl\/wp-content\/uploads\/2021\/09\/BG_groen-scaled.jpg\" class=\"elementor-section elementor-top-section elementor-element elementor-element-e442437 elementor-section-boxed elementor-section-height-default elementor-section-height-default\" data-id=\"e442437\" data-element_type=\"section\" data-settings=\"{&quot;background_background&quot;:&quot;classic&quot;}\">\n\t\t\t\t\t\t\t<div class=\"elementor-background-overlay\"><\/div>\n\t\t\t\t\t\t\t<div class=\"elementor-container elementor-column-gap-default\">\n\t\t\t\t\t<div class=\"elementor-column elementor-col-100 elementor-top-column elementor-element elementor-element-765ef5e\" data-id=\"765ef5e\" data-element_type=\"column\">\n\t\t\t<div class=\"elementor-widget-wrap elementor-element-populated\">\n\t\t\t\t\t\t<div class=\"elementor-element elementor-element-b7a63e4 elementor-widget elementor-widget-heading\" data-id=\"b7a63e4\" data-element_type=\"widget\" data-widget_type=\"heading.default\">\n\t\t\t\t<div class=\"elementor-widget-container\">\n\t\t\t\t\t<h2 class=\"elementor-heading-title elementor-size-default\">Haben Sie irgendwelche Fragen? <\/h2>\t\t\t\t<\/div>\n\t\t\t\t<\/div>\n\t\t\t\t<div class=\"elementor-element elementor-element-0ea4e82 elementor-align-center elementor-widget elementor-widget-button\" data-id=\"0ea4e82\" data-element_type=\"widget\" data-widget_type=\"button.default\">\n\t\t\t\t<div class=\"elementor-widget-container\">\n\t\t\t\t\t\t\t\t\t<div class=\"elementor-button-wrapper\">\n\t\t\t\t\t<a class=\"elementor-button elementor-button-link elementor-size-sm\" href=\"\/de\/contact\/\">\n\t\t\t\t\t\t<span class=\"elementor-button-content-wrapper\">\n\t\t\t\t\t\t<span class=\"elementor-button-icon\">\n\t\t\t\t<i aria-hidden=\"true\" class=\"fas fa-long-arrow-alt-right\"><\/i>\t\t\t<\/span>\n\t\t\t\t\t\t\t\t\t<span class=\"elementor-button-text\">bitte kontaktieren Sie uns<\/span>\n\t\t\t\t\t<\/span>\n\t\t\t\t\t<\/a>\n\t\t\t\t<\/div>\n\t\t\t\t\t\t\t\t<\/div>\n\t\t\t\t<\/div>\n\t\t\t\t\t<\/div>\n\t\t<\/div>\n\t\t\t\t\t<\/div>\n\t\t<\/section>\n\t\t\t\t<\/div>","protected":false},"excerpt":{"rendered":"<p>Over ons Loonbedrijf Vaessen Historie Wij zijn een loonbedrijf in derde generatie.\u00a0 Grootvader Sjir startte het loonbedrijf in 1948, met een dorsmachine.In 1960 kwam de eerste maaidorser op het bedrijf en in 1979 de eerste zes-rij-ige bieten rooier.In 1977 kwam zoon Ton, in 1980 zoon Frans, mee in de maatschap, en daarmee uitbreiding van werkzaamheden.\u00a0 [&hellip;]<\/p>","protected":false},"author":1,"featured_media":0,"parent":0,"menu_order":0,"comment_status":"closed","ping_status":"closed","template":"","meta":{"site-sidebar-layout":"no-sidebar","site-content-layout":"page-builder","ast-site-content-layout":"default","site-content-style":"default","site-sidebar-style":"default","ast-global-header-display":"","ast-banner-title-visibility":"","ast-main-header-display":"","ast-hfb-above-header-display":"","ast-hfb-below-header-display":"","ast-hfb-mobile-header-display":"","site-post-title":"disabled","ast-breadcrumbs-content":"","ast-featured-img":"disabled","footer-sml-layout":"","ast-disable-related-posts":"","theme-transparent-header-meta":"default","adv-header-id-meta":"","stick-header-meta":"","header-above-stick-meta":"","header-main-stick-meta":"","header-below-stick-meta":"","astra-migrate-meta-layouts":"default","ast-page-background-enabled":"default","ast-page-background-meta":{"desktop":{"background-color":"","background-image":"","background-repeat":"repeat","background-position":"center center","background-size":"auto","background-attachment":"scroll","background-type":"","background-media":"","overlay-type":"","overlay-color":"","overlay-opacity":"","overlay-gradient":""},"tablet":{"background-color":"","background-image":"","background-repeat":"repeat","background-position":"center center","background-size":"auto","background-attachment":"scroll","background-type":"","background-media":"","overlay-type":"","overlay-color":"","overlay-opacity":"","overlay-gradient":""},"mobile":{"background-color":"","background-image":"","background-repeat":"repeat","background-position":"center center","background-size":"auto","background-attachment":"scroll","background-type":"","background-media":"","overlay-type":"","overlay-color":"","overlay-opacity":"","overlay-gradient":""}},"ast-content-background-meta":{"desktop":{"background-color":"var(--ast-global-color-5)","background-image":"","background-repeat":"repeat","background-position":"center center","background-size":"auto","background-attachment":"scroll","background-type":"","background-media":"","overlay-type":"","overlay-color":"","overlay-opacity":"","overlay-gradient":""},"tablet":{"background-color":"var(--ast-global-color-5)","background-image":"","background-repeat":"repeat","background-position":"center center","background-size":"auto","background-attachment":"scroll","background-type":"","background-media":"","overlay-type":"","overlay-color":"","overlay-opacity":"","overlay-gradient":""},"mobile":{"background-color":"var(--ast-global-color-5)","background-image":"","background-repeat":"repeat","background-position":"center center","background-size":"auto","background-attachment":"scroll","background-type":"","background-media":"","overlay-type":"","overlay-color":"","overlay-opacity":"","overlay-gradient":""}},"footnotes":""},"class_list":["post-682","page","type-page","status-publish","hentry"],"acf":[],"_links":{"self":[{"href":"https:\/\/www.loonbedrijfvaessen.nl\/de\/wp-json\/wp\/v2\/pages\/682","targetHints":{"allow":["GET"]}}],"collection":[{"href":"https:\/\/www.loonbedrijfvaessen.nl\/de\/wp-json\/wp\/v2\/pages"}],"about":[{"href":"https:\/\/www.loonbedrijfvaessen.nl\/de\/wp-json\/wp\/v2\/types\/page"}],"author":[{"embeddable":true,"href":"https:\/\/www.loonbedrijfvaessen.nl\/de\/wp-json\/wp\/v2\/users\/1"}],"replies":[{"embeddable":true,"href":"https:\/\/www.loonbedrijfvaessen.nl\/de\/wp-json\/wp\/v2\/comments?post=682"}],"version-history":[{"count":103,"href":"https:\/\/www.loonbedrijfvaessen.nl\/de\/wp-json\/wp\/v2\/pages\/682\/revisions"}],"predecessor-version":[{"id":1511,"href":"https:\/\/www.loonbedrijfvaessen.nl\/de\/wp-json\/wp\/v2\/pages\/682\/revisions\/1511"}],"wp:attachment":[{"href":"https:\/\/www.loonbedrijfvaessen.nl\/de\/wp-json\/wp\/v2\/media?parent=682"}],"curies":[{"name":"wp","href":"https:\/\/api.w.org\/{rel}","templated":true}]}}