{"id":545,"date":"2021-09-07T13:45:07","date_gmt":"2021-09-07T13:45:07","guid":{"rendered":"https:\/\/www.loonbedrijfvaessen.nl\/?page_id=545"},"modified":"2022-02-28T11:01:33","modified_gmt":"2022-02-28T11:01:33","slug":"transport","status":"publish","type":"page","link":"https:\/\/www.loonbedrijfvaessen.nl\/de\/transport\/","title":{"rendered":"Transport"},"content":{"rendered":"<div data-elementor-type=\"wp-page\" data-elementor-id=\"545\" class=\"elementor elementor-545\" data-elementor-post-type=\"page\">\n\t\t\t\t\t\t<section data-dce-background-overlay-color=\"#000000\" data-dce-background-image-url=\"https:\/\/www.loonbedrijfvaessen.nl\/wp-content\/uploads\/2021\/08\/Foto-3-1.jpg\" class=\"elementor-section elementor-top-section elementor-element elementor-element-b208a0b elementor-section-content-middle elementor-section-boxed elementor-section-height-default elementor-section-height-default\" data-id=\"b208a0b\" data-element_type=\"section\" data-settings=\"{&quot;background_background&quot;:&quot;classic&quot;}\">\n\t\t\t\t\t\t\t<div class=\"elementor-background-overlay\"><\/div>\n\t\t\t\t\t\t\t<div class=\"elementor-container elementor-column-gap-no\">\n\t\t\t\t\t<div class=\"elementor-column elementor-col-100 elementor-top-column elementor-element elementor-element-108873e\" data-id=\"108873e\" data-element_type=\"column\">\n\t\t\t<div class=\"elementor-widget-wrap elementor-element-populated\">\n\t\t\t\t\t\t<div class=\"elementor-element elementor-element-c6a3efd elementor-widget elementor-widget-heading\" data-id=\"c6a3efd\" data-element_type=\"widget\" data-widget_type=\"heading.default\">\n\t\t\t\t<div class=\"elementor-widget-container\">\n\t\t\t\t\t<h2 class=\"elementor-heading-title elementor-size-default\">Transport<\/h2>\t\t\t\t<\/div>\n\t\t\t\t<\/div>\n\t\t\t\t\t<\/div>\n\t\t<\/div>\n\t\t\t\t\t<\/div>\n\t\t<\/section>\n\t\t\t\t<section data-dce-background-color=\"#FBB45624\" class=\"elementor-section elementor-top-section elementor-element elementor-element-8243faf elementor-section-boxed elementor-section-height-default elementor-section-height-default\" data-id=\"8243faf\" data-element_type=\"section\" data-settings=\"{&quot;background_background&quot;:&quot;classic&quot;}\">\n\t\t\t\t\t\t\t<div class=\"elementor-background-overlay\"><\/div>\n\t\t\t\t\t\t\t<div class=\"elementor-container elementor-column-gap-no\">\n\t\t\t\t\t<div class=\"elementor-column elementor-col-50 elementor-top-column elementor-element elementor-element-f838da0\" data-id=\"f838da0\" data-element_type=\"column\">\n\t\t\t<div class=\"elementor-widget-wrap elementor-element-populated\">\n\t\t\t\t\t\t<div class=\"elementor-element elementor-element-4a45eb7 elementor-widget elementor-widget-heading\" data-id=\"4a45eb7\" data-element_type=\"widget\" data-widget_type=\"heading.default\">\n\t\t\t\t<div class=\"elementor-widget-container\">\n\t\t\t\t\t<h2 class=\"elementor-heading-title elementor-size-default\">Wasser Transport<\/h2>\t\t\t\t<\/div>\n\t\t\t\t<\/div>\n\t\t\t\t<div class=\"elementor-element elementor-element-347c910 elementor-widget elementor-widget-text-editor\" data-id=\"347c910\" data-element_type=\"widget\" data-widget_type=\"text-editor.default\">\n\t\t\t\t<div class=\"elementor-widget-container\">\n\t\t\t\t\t\t\t\t\t<p class=\"translation-block\">Wasser Transport ist einer unser Spezialit\u00e4ten.  Mit 6, 8 und 16 Kubik F\u00e4sser transportieren wir Wasser aus eigenen Wasserbecken.  z.B. Bew\u00e4sserung von B\u00e4ume.\nStatt Wasser spr\u00fchen, k\u00f6nnen wir auch Wasser wegsaugen, bis zu 7 Meter Tiefe ist dies m\u00f6glich.<\/p>\t\t\t\t\t\t\t\t<\/div>\n\t\t\t\t<\/div>\n\t\t\t\t\t<\/div>\n\t\t<\/div>\n\t\t\t\t<div class=\"elementor-column elementor-col-50 elementor-top-column elementor-element elementor-element-f2fefd4\" data-id=\"f2fefd4\" data-element_type=\"column\">\n\t\t\t<div class=\"elementor-widget-wrap elementor-element-populated\">\n\t\t\t\t\t\t<div class=\"elementor-element elementor-element-0e654ef dce_masking-none elementor-widget elementor-widget-image\" data-id=\"0e654ef\" data-element_type=\"widget\" data-widget_type=\"image.default\">\n\t\t\t\t<div class=\"elementor-widget-container\">\n\t\t\t\t\t\t\t\t\t\t\t\t\t\t\t<img fetchpriority=\"high\" decoding=\"async\" width=\"960\" height=\"622\" src=\"https:\/\/www.loonbedrijfvaessen.nl\/wp-content\/uploads\/2022\/02\/Watertransport_BEW.jpg\" class=\"attachment-large size-large wp-image-1416\" alt=\"\" srcset=\"https:\/\/www.loonbedrijfvaessen.nl\/wp-content\/uploads\/2022\/02\/Watertransport_BEW.jpg 960w, https:\/\/www.loonbedrijfvaessen.nl\/wp-content\/uploads\/2022\/02\/Watertransport_BEW-300x194.jpg 300w, https:\/\/www.loonbedrijfvaessen.nl\/wp-content\/uploads\/2022\/02\/Watertransport_BEW-768x498.jpg 768w, https:\/\/www.loonbedrijfvaessen.nl\/wp-content\/uploads\/2022\/02\/Watertransport_BEW-18x12.jpg 18w\" sizes=\"(max-width: 960px) 100vw, 960px\" \/>\t\t\t\t\t\t\t\t\t\t\t\t\t\t\t<\/div>\n\t\t\t\t<\/div>\n\t\t\t\t\t<\/div>\n\t\t<\/div>\n\t\t\t\t\t<\/div>\n\t\t<\/section>\n\t\t\t\t<section data-dce-background-color=\"#FFFFFF\" class=\"elementor-section elementor-top-section elementor-element elementor-element-2828b5c elementor-section-boxed elementor-section-height-default elementor-section-height-default\" data-id=\"2828b5c\" data-element_type=\"section\" data-settings=\"{&quot;background_background&quot;:&quot;classic&quot;}\">\n\t\t\t\t\t\t\t<div class=\"elementor-background-overlay\"><\/div>\n\t\t\t\t\t\t\t<div class=\"elementor-container elementor-column-gap-no\">\n\t\t\t\t\t<div class=\"elementor-column elementor-col-50 elementor-top-column elementor-element elementor-element-faaa7c3\" data-id=\"faaa7c3\" data-element_type=\"column\">\n\t\t\t<div class=\"elementor-widget-wrap elementor-element-populated\">\n\t\t\t\t\t\t<div class=\"elementor-element elementor-element-a3d7cae dce_masking-none elementor-widget elementor-widget-image\" data-id=\"a3d7cae\" data-element_type=\"widget\" data-widget_type=\"image.default\">\n\t\t\t\t<div class=\"elementor-widget-container\">\n\t\t\t\t\t\t\t\t\t\t\t\t\t\t\t<img decoding=\"async\" width=\"1024\" height=\"768\" src=\"https:\/\/www.loonbedrijfvaessen.nl\/wp-content\/uploads\/2021\/10\/Grondkart2-1024x768.jpg\" class=\"attachment-large size-large wp-image-1272\" alt=\"\" srcset=\"https:\/\/www.loonbedrijfvaessen.nl\/wp-content\/uploads\/2021\/10\/Grondkart2-1024x768.jpg 1024w, https:\/\/www.loonbedrijfvaessen.nl\/wp-content\/uploads\/2021\/10\/Grondkart2-300x225.jpg 300w, https:\/\/www.loonbedrijfvaessen.nl\/wp-content\/uploads\/2021\/10\/Grondkart2-768x576.jpg 768w, https:\/\/www.loonbedrijfvaessen.nl\/wp-content\/uploads\/2021\/10\/Grondkart2-1536x1152.jpg 1536w, https:\/\/www.loonbedrijfvaessen.nl\/wp-content\/uploads\/2021\/10\/Grondkart2-16x12.jpg 16w, https:\/\/www.loonbedrijfvaessen.nl\/wp-content\/uploads\/2021\/10\/Grondkart2.jpg 2048w\" sizes=\"(max-width: 1024px) 100vw, 1024px\" \/>\t\t\t\t\t\t\t\t\t\t\t\t\t\t\t<\/div>\n\t\t\t\t<\/div>\n\t\t\t\t\t<\/div>\n\t\t<\/div>\n\t\t\t\t<div class=\"elementor-column elementor-col-50 elementor-top-column elementor-element elementor-element-4a23ee2\" data-id=\"4a23ee2\" data-element_type=\"column\">\n\t\t\t<div class=\"elementor-widget-wrap elementor-element-populated\">\n\t\t\t\t\t\t<div class=\"elementor-element elementor-element-8ed838c elementor-widget elementor-widget-heading\" data-id=\"8ed838c\" data-element_type=\"widget\" data-widget_type=\"heading.default\">\n\t\t\t\t<div class=\"elementor-widget-container\">\n\t\t\t\t\t<h2 class=\"elementor-heading-title elementor-size-default\">Muldenkipper<\/h2>\t\t\t\t<\/div>\n\t\t\t\t<\/div>\n\t\t\t\t<div class=\"elementor-element elementor-element-86a4428 elementor-widget elementor-widget-text-editor\" data-id=\"86a4428\" data-element_type=\"widget\" data-widget_type=\"text-editor.default\">\n\t\t\t\t<div class=\"elementor-widget-container\">\n\t\t\t\t\t\t\t\t\t<div id=\"inhoud\"><p class=\"translation-block\">Einen 15 Kubik Muldenkipper k\u00f6nnen wir einsetzen f\u00fcr Erde- Kies- oder Steinen Transport.\nF\u00fcr schwierige Boden Verh\u00e4ltnisse, k\u00f6nnen wir einen 10 Kubik Muldenkipper einsetzen, der sehr gro\u00df bereift ist.<\/p><\/div>\t\t\t\t\t\t\t\t<\/div>\n\t\t\t\t<\/div>\n\t\t\t\t\t<\/div>\n\t\t<\/div>\n\t\t\t\t\t<\/div>\n\t\t<\/section>\n\t\t\t\t<section data-dce-background-color=\"#FBB45624\" class=\"elementor-section elementor-top-section elementor-element elementor-element-132526a elementor-section-boxed elementor-section-height-default elementor-section-height-default\" data-id=\"132526a\" data-element_type=\"section\" data-settings=\"{&quot;background_background&quot;:&quot;classic&quot;}\">\n\t\t\t\t\t\t\t<div class=\"elementor-background-overlay\"><\/div>\n\t\t\t\t\t\t\t<div class=\"elementor-container elementor-column-gap-no\">\n\t\t\t\t\t<div class=\"elementor-column elementor-col-50 elementor-top-column elementor-element elementor-element-c8a771b\" data-id=\"c8a771b\" data-element_type=\"column\">\n\t\t\t<div class=\"elementor-widget-wrap elementor-element-populated\">\n\t\t\t\t\t\t<div class=\"elementor-element elementor-element-e1363a7 elementor-widget elementor-widget-heading\" data-id=\"e1363a7\" data-element_type=\"widget\" data-widget_type=\"heading.default\">\n\t\t\t\t<div class=\"elementor-widget-container\">\n\t\t\t\t\t<h2 class=\"elementor-heading-title elementor-size-default\">Transportarbeiten<\/h2>\t\t\t\t<\/div>\n\t\t\t\t<\/div>\n\t\t\t\t<div class=\"elementor-element elementor-element-86a7895 elementor-widget elementor-widget-text-editor\" data-id=\"86a7895\" data-element_type=\"widget\" data-widget_type=\"text-editor.default\">\n\t\t\t\t<div class=\"elementor-widget-container\">\n\t\t\t\t\t\t\t\t\t<p>LKW f\u00fcr Transportarbeiten 8 x 4 mit Haken Arm<\/p>\t\t\t\t\t\t\t\t<\/div>\n\t\t\t\t<\/div>\n\t\t\t\t\t<\/div>\n\t\t<\/div>\n\t\t\t\t<div class=\"elementor-column elementor-col-50 elementor-top-column elementor-element elementor-element-a066178\" data-id=\"a066178\" data-element_type=\"column\">\n\t\t\t<div class=\"elementor-widget-wrap elementor-element-populated\">\n\t\t\t\t\t\t<div class=\"elementor-element elementor-element-2e48281 dce_masking-none elementor-widget elementor-widget-image\" data-id=\"2e48281\" data-element_type=\"widget\" data-widget_type=\"image.default\">\n\t\t\t\t<div class=\"elementor-widget-container\">\n\t\t\t\t\t\t\t\t\t\t\t\t\t\t\t<img decoding=\"async\" width=\"960\" height=\"540\" src=\"https:\/\/www.loonbedrijfvaessen.nl\/wp-content\/uploads\/2022\/02\/Haakarm.jpg\" class=\"attachment-large size-large wp-image-1418\" alt=\"\" srcset=\"https:\/\/www.loonbedrijfvaessen.nl\/wp-content\/uploads\/2022\/02\/Haakarm.jpg 960w, https:\/\/www.loonbedrijfvaessen.nl\/wp-content\/uploads\/2022\/02\/Haakarm-300x169.jpg 300w, https:\/\/www.loonbedrijfvaessen.nl\/wp-content\/uploads\/2022\/02\/Haakarm-768x432.jpg 768w, https:\/\/www.loonbedrijfvaessen.nl\/wp-content\/uploads\/2022\/02\/Haakarm-18x10.jpg 18w\" sizes=\"(max-width: 960px) 100vw, 960px\" \/>\t\t\t\t\t\t\t\t\t\t\t\t\t\t\t<\/div>\n\t\t\t\t<\/div>\n\t\t\t\t\t<\/div>\n\t\t<\/div>\n\t\t\t\t\t<\/div>\n\t\t<\/section>\n\t\t\t\t<section data-dce-background-color=\"#00AA4D\" data-dce-background-image-url=\"https:\/\/www.loonbedrijfvaessen.nl\/wp-content\/uploads\/2021\/09\/BG_groen-scaled.jpg\" class=\"elementor-section elementor-top-section elementor-element elementor-element-78d0053 elementor-section-boxed elementor-section-height-default elementor-section-height-default\" data-id=\"78d0053\" data-element_type=\"section\" data-settings=\"{&quot;background_background&quot;:&quot;classic&quot;}\">\n\t\t\t\t\t\t\t<div class=\"elementor-background-overlay\"><\/div>\n\t\t\t\t\t\t\t<div class=\"elementor-container elementor-column-gap-default\">\n\t\t\t\t\t<div class=\"elementor-column elementor-col-100 elementor-top-column elementor-element elementor-element-feb22bd\" data-id=\"feb22bd\" data-element_type=\"column\">\n\t\t\t<div class=\"elementor-widget-wrap elementor-element-populated\">\n\t\t\t\t\t\t<div class=\"elementor-element elementor-element-f6b35ce elementor-widget elementor-widget-heading\" data-id=\"f6b35ce\" data-element_type=\"widget\" data-widget_type=\"heading.default\">\n\t\t\t\t<div class=\"elementor-widget-container\">\n\t\t\t\t\t<h2 class=\"elementor-heading-title elementor-size-default\">Haben Sie irgendwelche Fragen? <\/h2>\t\t\t\t<\/div>\n\t\t\t\t<\/div>\n\t\t\t\t<div class=\"elementor-element elementor-element-b7656dc elementor-align-center elementor-widget elementor-widget-button\" data-id=\"b7656dc\" data-element_type=\"widget\" data-widget_type=\"button.default\">\n\t\t\t\t<div class=\"elementor-widget-container\">\n\t\t\t\t\t\t\t\t\t<div class=\"elementor-button-wrapper\">\n\t\t\t\t\t<a class=\"elementor-button elementor-button-link elementor-size-sm\" href=\"\/de\/contact\/\">\n\t\t\t\t\t\t<span class=\"elementor-button-content-wrapper\">\n\t\t\t\t\t\t<span class=\"elementor-button-icon\">\n\t\t\t\t<i aria-hidden=\"true\" class=\"fas fa-long-arrow-alt-right\"><\/i>\t\t\t<\/span>\n\t\t\t\t\t\t\t\t\t<span class=\"elementor-button-text\">bitte kontaktieren Sie uns<\/span>\n\t\t\t\t\t<\/span>\n\t\t\t\t\t<\/a>\n\t\t\t\t<\/div>\n\t\t\t\t\t\t\t\t<\/div>\n\t\t\t\t<\/div>\n\t\t\t\t\t<\/div>\n\t\t<\/div>\n\t\t\t\t\t<\/div>\n\t\t<\/section>\n\t\t\t\t<\/div>","protected":false},"excerpt":{"rendered":"<p>Transport Watertransport Wij zijn gespecialiseerd in het transporteren van water. We hebben een 8 en een 16 kuub\u2019s vacu\u00fcmtank, waarmee we het water vervoeren. Met dit water kunnen wij stof bestrijden door te sproeien, ook kan een leiding worden afgeperst. Wij beschikken over voldoende hemelwater uit eigen bassins.Uiteraard kunnen wij met onze vacu\u00fcmtanks ook overtollig [&hellip;]<\/p>","protected":false},"author":1,"featured_media":0,"parent":0,"menu_order":0,"comment_status":"closed","ping_status":"closed","template":"","meta":{"site-sidebar-layout":"no-sidebar","site-content-layout":"page-builder","ast-site-content-layout":"default","site-content-style":"default","site-sidebar-style":"default","ast-global-header-display":"","ast-banner-title-visibility":"","ast-main-header-display":"","ast-hfb-above-header-display":"","ast-hfb-below-header-display":"","ast-hfb-mobile-header-display":"","site-post-title":"disabled","ast-breadcrumbs-content":"","ast-featured-img":"disabled","footer-sml-layout":"","ast-disable-related-posts":"","theme-transparent-header-meta":"default","adv-header-id-meta":"","stick-header-meta":"","header-above-stick-meta":"","header-main-stick-meta":"","header-below-stick-meta":"","astra-migrate-meta-layouts":"default","ast-page-background-enabled":"default","ast-page-background-meta":{"desktop":{"background-color":"","background-image":"","background-repeat":"repeat","background-position":"center center","background-size":"auto","background-attachment":"scroll","background-type":"","background-media":"","overlay-type":"","overlay-color":"","overlay-opacity":"","overlay-gradient":""},"tablet":{"background-color":"","background-image":"","background-repeat":"repeat","background-position":"center center","background-size":"auto","background-attachment":"scroll","background-type":"","background-media":"","overlay-type":"","overlay-color":"","overlay-opacity":"","overlay-gradient":""},"mobile":{"background-color":"","background-image":"","background-repeat":"repeat","background-position":"center center","background-size":"auto","background-attachment":"scroll","background-type":"","background-media":"","overlay-type":"","overlay-color":"","overlay-opacity":"","overlay-gradient":""}},"ast-content-background-meta":{"desktop":{"background-color":"var(--ast-global-color-5)","background-image":"","background-repeat":"repeat","background-position":"center center","background-size":"auto","background-attachment":"scroll","background-type":"","background-media":"","overlay-type":"","overlay-color":"","overlay-opacity":"","overlay-gradient":""},"tablet":{"background-color":"var(--ast-global-color-5)","background-image":"","background-repeat":"repeat","background-position":"center center","background-size":"auto","background-attachment":"scroll","background-type":"","background-media":"","overlay-type":"","overlay-color":"","overlay-opacity":"","overlay-gradient":""},"mobile":{"background-color":"var(--ast-global-color-5)","background-image":"","background-repeat":"repeat","background-position":"center center","background-size":"auto","background-attachment":"scroll","background-type":"","background-media":"","overlay-type":"","overlay-color":"","overlay-opacity":"","overlay-gradient":""}},"footnotes":""},"class_list":["post-545","page","type-page","status-publish","hentry"],"acf":[],"_links":{"self":[{"href":"https:\/\/www.loonbedrijfvaessen.nl\/de\/wp-json\/wp\/v2\/pages\/545","targetHints":{"allow":["GET"]}}],"collection":[{"href":"https:\/\/www.loonbedrijfvaessen.nl\/de\/wp-json\/wp\/v2\/pages"}],"about":[{"href":"https:\/\/www.loonbedrijfvaessen.nl\/de\/wp-json\/wp\/v2\/types\/page"}],"author":[{"embeddable":true,"href":"https:\/\/www.loonbedrijfvaessen.nl\/de\/wp-json\/wp\/v2\/users\/1"}],"replies":[{"embeddable":true,"href":"https:\/\/www.loonbedrijfvaessen.nl\/de\/wp-json\/wp\/v2\/comments?post=545"}],"version-history":[{"count":82,"href":"https:\/\/www.loonbedrijfvaessen.nl\/de\/wp-json\/wp\/v2\/pages\/545\/revisions"}],"predecessor-version":[{"id":1523,"href":"https:\/\/www.loonbedrijfvaessen.nl\/de\/wp-json\/wp\/v2\/pages\/545\/revisions\/1523"}],"wp:attachment":[{"href":"https:\/\/www.loonbedrijfvaessen.nl\/de\/wp-json\/wp\/v2\/media?parent=545"}],"curies":[{"name":"wp","href":"https:\/\/api.w.org\/{rel}","templated":true}]}}